{"id":203,"date":"2011-09-14T09:45:02","date_gmt":"2011-09-14T09:45:02","guid":{"rendered":"http:\/\/estuhome.es\/verano\/"},"modified":"2020-02-24T20:45:19","modified_gmt":"2020-02-24T19:45:19","slug":"home","status":"publish","type":"page","link":"https:\/\/estuhome.es\/verano\/","title":{"rendered":"Inicio"},"content":{"rendered":"<div class=\"row \">\n<div class=\"span3 \"><div class=\"service-box \"><figure class=\"icon\"><img src=\"https:\/\/estuhome.es\/verano\/wp-content\/themes\/theme51144\/images\/icon5.png\" alt=\"\" \/><\/figure><div class=\"service-box_body\"><h2 class=\"title\">\u00a1Bienvenidos!<\/h2><div class=\"service-box_txt\">ESTUHOME es tu nuevo hogar en Madrid y durante los meses de verano, la convertimos en mixta para que disfrutes de la ciudad.<\/p>\n<p>&nbsp;<\/p>\n<p><\/div><\/div><\/div><!-- \/Service Box --><\/div>\n<div class=\"span3 \"><div class=\"service-box \"><figure class=\"icon\"><img src=\"https:\/\/estuhome.es\/verano\/wp-content\/themes\/theme51144\/images\/icon6.png\" alt=\"\" \/><\/figure><div class=\"service-box_body\"><h2 class=\"title\">AMBIENTE FAMILIAR<\/h2><div class=\"service-box_txt\">Si\u00e9ntete como en tu casa este verano y disfruta al m\u00e1ximo de tu estancia en Madrid mientras estudias, trabajas o haces turismo.<\/div><\/div><\/div><!-- \/Service Box --><\/div>\n<div class=\"span3 \"><div class=\"service-box \"><figure class=\"icon\"><img src=\"https:\/\/estuhome.es\/verano\/wp-content\/themes\/theme51144\/images\/icon7.png\" alt=\"\" \/><\/figure><div class=\"service-box_body\"><h2 class=\"title\">RECIEN REFORMADA<\/h2><div class=\"service-box_txt\">Inauguramos ESTUHOME en junio de 2015 tras una reforma completa, con la que queremos que te sientas como en casa.<\/p>\n<p>&nbsp;<\/p>\n<p><\/div><\/div><\/div><!-- \/Service Box --><\/div>\n<div class=\"span3 \"><div class=\"service-box \"><figure class=\"icon\"><img src=\"https:\/\/estuhome.es\/verano\/wp-content\/themes\/theme51144\/images\/icon8.png\" alt=\"\" \/><\/figure><div class=\"service-box_body\"><h2 class=\"title\">COMIDA CASERA<\/h2><div class=\"service-box_txt\">Nuestro men\u00fa ser\u00e1 lo m\u00e1s sano y equilibrado posible. Disponemos de men\u00fas veganos, celiacos y opciones de picnic.<\/p>\n<p>&nbsp;<\/p>\n<p>&nbsp;<\/p>\n<p><\/div><\/div><\/div><!-- \/Service Box --><\/div>\n<\/div><!-- .row (end) -->\n<div class=\"row \">\n<div class=\"span3 \"><div class=\"service-box \"><figure class=\"icon\"><img src=\"https:\/\/estuhome.es\/verano\/wp-content\/themes\/theme51144\/images\/icon9.png\" alt=\"\" \/><\/figure><div class=\"service-box_body\"><h2 class=\"title\">ZONA UNIVERSITARIA<\/h2><div class=\"service-box_txt\">Muy cerca de las prestigiosas universidades de Comillas (ICADE - ICAI) CUNEF, Universidad Camilo Jos\u00e9 Cela, CEU, Saint Louis, Universidad Complutense...<\/div><\/div><\/div><!-- \/Service Box --><\/div>\n<div class=\"span3 \"><div class=\"service-box \"><figure class=\"icon\"><img src=\"https:\/\/estuhome.es\/verano\/wp-content\/themes\/theme51144\/images\/icon10.png\" alt=\"\" \/><\/figure><div class=\"service-box_body\"><h2 class=\"title\">EN MADRID CENTRO<\/h2><div class=\"service-box_txt\">Situado en el pleno centro de Madrid, nos encontramos en una zona muy bien comunicada, con muchos comercios y restaurantes en los alrededores.<\/p>\n<p>&nbsp;<\/p>\n<p><\/div><\/div><\/div><!-- \/Service Box --><\/div>\n<div class=\"span3 \"><div class=\"service-box \"><figure class=\"icon\"><img src=\"https:\/\/estuhome.es\/verano\/wp-content\/themes\/theme51144\/images\/icon11.png\" alt=\"\" \/><\/figure><div class=\"service-box_body\"><h2 class=\"title\">HABITACIONES<\/h2><div class=\"service-box_txt\">Disponemos de un total de 16 habitaciones, las hay dobles o individuales. Podr\u00e1s disponer de una habitaci\u00f3n para ti solo o compartir con otro hu\u00e9sped.<\/p>\n<p><\/div><\/div><\/div><!-- \/Service Box --><\/div>\n<div class=\"span3 \"><div class=\"service-box \"><figure class=\"icon\"><img src=\"https:\/\/estuhome.es\/verano\/wp-content\/themes\/theme51144\/images\/icon12.png\" alt=\"\" \/><\/figure><div class=\"service-box_body\"><h2 class=\"title\">TERRAZA SOLARIUM<\/h2><div class=\"service-box_txt\">Disponemos de una terraza de 25 m2 con zonas de sol y sombra, mesas, sillas, tumbonas y duchas para que nuestros hu\u00e9spedes est\u00e9n muy c\u00f3modos.<\/p>\n<p>&nbsp;<\/p>\n<p><\/div><\/div><\/div><!-- \/Service Box --><\/div>\n<\/div><!-- .row (end) -->\n","protected":false},"excerpt":{"rendered":"","protected":false},"author":1,"featured_media":0,"parent":0,"menu_order":0,"comment_status":"closed","ping_status":"closed","template":"page-home.php","meta":[],"yoast_head":"<!-- This site is optimized with the Yoast SEO plugin v20.2 - https:\/\/yoast.com\/wordpress\/plugins\/seo\/ -->\n<title>Inicio - ESTUHOME_VERANO<\/title>\n<meta name=\"robots\" content=\"index, follow, max-snippet:-1, max-image-preview:large, max-video-preview:-1\" \/>\n<link rel=\"canonical\" href=\"https:\/\/estuhome.es\/verano\/\" \/>\n<meta property=\"og:locale\" content=\"es_ES\" \/>\n<meta property=\"og:type\" content=\"article\" \/>\n<meta property=\"og:title\" content=\"Inicio - ESTUHOME_VERANO\" \/>\n<meta property=\"og:url\" content=\"https:\/\/estuhome.es\/verano\/\" \/>\n<meta property=\"og:site_name\" content=\"ESTUHOME_VERANO\" \/>\n<meta property=\"article:publisher\" content=\"https:\/\/www.facebook.com\/residenciaestuhome\" \/>\n<meta property=\"article:modified_time\" content=\"2020-02-24T19:45:19+00:00\" \/>\n<meta name=\"twitter:label1\" content=\"Tiempo de lectura\" \/>\n\t<meta name=\"twitter:data1\" content=\"1 minuto\" \/>\n<script type=\"application\/ld+json\" class=\"yoast-schema-graph\">{\"@context\":\"https:\/\/schema.org\",\"@graph\":[{\"@type\":\"WebPage\",\"@id\":\"https:\/\/estuhome.es\/verano\/\",\"url\":\"https:\/\/estuhome.es\/verano\/\",\"name\":\"Inicio - ESTUHOME_VERANO\",\"isPartOf\":{\"@id\":\"https:\/\/estuhome.es\/verano\/#website\"},\"datePublished\":\"2011-09-14T09:45:02+00:00\",\"dateModified\":\"2020-02-24T19:45:19+00:00\",\"breadcrumb\":{\"@id\":\"https:\/\/estuhome.es\/verano\/#breadcrumb\"},\"inLanguage\":\"es\",\"potentialAction\":[{\"@type\":\"ReadAction\",\"target\":[\"https:\/\/estuhome.es\/verano\/\"]}]},{\"@type\":\"BreadcrumbList\",\"@id\":\"https:\/\/estuhome.es\/verano\/#breadcrumb\",\"itemListElement\":[{\"@type\":\"ListItem\",\"position\":1,\"name\":\"Portada\",\"item\":\"https:\/\/estuhome.es\/verano\/\"},{\"@type\":\"ListItem\",\"position\":2,\"name\":\"Inicio\"}]},{\"@type\":\"WebSite\",\"@id\":\"https:\/\/estuhome.es\/verano\/#website\",\"url\":\"https:\/\/estuhome.es\/verano\/\",\"name\":\"ESTUHOME_VERANO\",\"description\":\"ESTUHOME residencia de verano en el centro de Madrid. Ambiente Familiar. Reci\u00e9n reformada. Zona universitaria. Terraza-solarium.\",\"publisher\":{\"@id\":\"https:\/\/estuhome.es\/verano\/#organization\"},\"potentialAction\":[{\"@type\":\"SearchAction\",\"target\":{\"@type\":\"EntryPoint\",\"urlTemplate\":\"https:\/\/estuhome.es\/verano\/?s={search_term_string}\"},\"query-input\":\"required name=search_term_string\"}],\"inLanguage\":\"es\"},{\"@type\":\"Organization\",\"@id\":\"https:\/\/estuhome.es\/verano\/#organization\",\"name\":\"Estuhome\",\"url\":\"https:\/\/estuhome.es\/verano\/\",\"logo\":{\"@type\":\"ImageObject\",\"inLanguage\":\"es\",\"@id\":\"https:\/\/estuhome.es\/verano\/#\/schema\/logo\/image\/\",\"url\":\"https:\/\/estuhome.es\/verano\/wp-content\/uploads\/2015\/06\/logotipo_footer.jpg\",\"contentUrl\":\"https:\/\/estuhome.es\/verano\/wp-content\/uploads\/2015\/06\/logotipo_footer.jpg\",\"width\":534,\"height\":122,\"caption\":\"Estuhome\"},\"image\":{\"@id\":\"https:\/\/estuhome.es\/verano\/#\/schema\/logo\/image\/\"},\"sameAs\":[\"https:\/\/www.facebook.com\/residenciaestuhome\",\"https:\/\/www.youtube.com\/channel\/UCDhOolrA2iWc1fYCF3Dd-UQ\"]}]}<\/script>\n<!-- \/ Yoast SEO plugin. -->","yoast_head_json":{"title":"Inicio - ESTUHOME_VERANO","robots":{"index":"index","follow":"follow","max-snippet":"max-snippet:-1","max-image-preview":"max-image-preview:large","max-video-preview":"max-video-preview:-1"},"canonical":"https:\/\/estuhome.es\/verano\/","og_locale":"es_ES","og_type":"article","og_title":"Inicio - ESTUHOME_VERANO","og_url":"https:\/\/estuhome.es\/verano\/","og_site_name":"ESTUHOME_VERANO","article_publisher":"https:\/\/www.facebook.com\/residenciaestuhome","article_modified_time":"2020-02-24T19:45:19+00:00","twitter_misc":{"Tiempo de lectura":"1 minuto"},"schema":{"@context":"https:\/\/schema.org","@graph":[{"@type":"WebPage","@id":"https:\/\/estuhome.es\/verano\/","url":"https:\/\/estuhome.es\/verano\/","name":"Inicio - ESTUHOME_VERANO","isPartOf":{"@id":"https:\/\/estuhome.es\/verano\/#website"},"datePublished":"2011-09-14T09:45:02+00:00","dateModified":"2020-02-24T19:45:19+00:00","breadcrumb":{"@id":"https:\/\/estuhome.es\/verano\/#breadcrumb"},"inLanguage":"es","potentialAction":[{"@type":"ReadAction","target":["https:\/\/estuhome.es\/verano\/"]}]},{"@type":"BreadcrumbList","@id":"https:\/\/estuhome.es\/verano\/#breadcrumb","itemListElement":[{"@type":"ListItem","position":1,"name":"Portada","item":"https:\/\/estuhome.es\/verano\/"},{"@type":"ListItem","position":2,"name":"Inicio"}]},{"@type":"WebSite","@id":"https:\/\/estuhome.es\/verano\/#website","url":"https:\/\/estuhome.es\/verano\/","name":"ESTUHOME_VERANO","description":"ESTUHOME residencia de verano en el centro de Madrid. Ambiente Familiar. Reci\u00e9n reformada. Zona universitaria. Terraza-solarium.","publisher":{"@id":"https:\/\/estuhome.es\/verano\/#organization"},"potentialAction":[{"@type":"SearchAction","target":{"@type":"EntryPoint","urlTemplate":"https:\/\/estuhome.es\/verano\/?s={search_term_string}"},"query-input":"required name=search_term_string"}],"inLanguage":"es"},{"@type":"Organization","@id":"https:\/\/estuhome.es\/verano\/#organization","name":"Estuhome","url":"https:\/\/estuhome.es\/verano\/","logo":{"@type":"ImageObject","inLanguage":"es","@id":"https:\/\/estuhome.es\/verano\/#\/schema\/logo\/image\/","url":"https:\/\/estuhome.es\/verano\/wp-content\/uploads\/2015\/06\/logotipo_footer.jpg","contentUrl":"https:\/\/estuhome.es\/verano\/wp-content\/uploads\/2015\/06\/logotipo_footer.jpg","width":534,"height":122,"caption":"Estuhome"},"image":{"@id":"https:\/\/estuhome.es\/verano\/#\/schema\/logo\/image\/"},"sameAs":["https:\/\/www.facebook.com\/residenciaestuhome","https:\/\/www.youtube.com\/channel\/UCDhOolrA2iWc1fYCF3Dd-UQ"]}]}},"_links":{"self":[{"href":"https:\/\/estuhome.es\/verano\/wp-json\/wp\/v2\/pages\/203"}],"collection":[{"href":"https:\/\/estuhome.es\/verano\/wp-json\/wp\/v2\/pages"}],"about":[{"href":"https:\/\/estuhome.es\/verano\/wp-json\/wp\/v2\/types\/page"}],"author":[{"embeddable":true,"href":"https:\/\/estuhome.es\/verano\/wp-json\/wp\/v2\/users\/1"}],"replies":[{"embeddable":true,"href":"https:\/\/estuhome.es\/verano\/wp-json\/wp\/v2\/comments?post=203"}],"version-history":[{"count":82,"href":"https:\/\/estuhome.es\/verano\/wp-json\/wp\/v2\/pages\/203\/revisions"}],"predecessor-version":[{"id":2594,"href":"https:\/\/estuhome.es\/verano\/wp-json\/wp\/v2\/pages\/203\/revisions\/2594"}],"wp:attachment":[{"href":"https:\/\/estuhome.es\/verano\/wp-json\/wp\/v2\/media?parent=203"}],"curies":[{"name":"wp","href":"https:\/\/api.w.org\/{rel}","templated":true}]}}